{"id":81,"date":"2025-04-30T23:59:25","date_gmt":"2025-04-30T23:59:25","guid":{"rendered":"https:\/\/rollersplastic.com.mx\/catalogoproductos\/?post_type=product&#038;p=81"},"modified":"2025-07-01T16:54:53","modified_gmt":"2025-07-01T22:54:53","slug":"cepillo-abanico","status":"publish","type":"product","link":"https:\/\/rollersplastic.com.mx\/catalogoproductos\/product\/cepillo-abanico\/","title":{"rendered":"Cepillo Abanico"},"content":{"rendered":"<p>Cepillo parara desenredar el cabello, por su tama\u00f1o puede traerse c\u00f3modamente en el bolso, est\u00e1 fabricado de Polietileno.<\/p>\n","protected":false},"excerpt":{"rendered":"<p>Descripci\u00f3n 2<\/p>\n","protected":false},"featured_media":93,"template":"","meta":[],"product_brand":[],"product_cat":[17],"product_tag":[],"class_list":{"0":"post-81","1":"product","2":"type-product","3":"status-publish","4":"has-post-thumbnail","6":"product_cat-cepillos","8":"first","9":"instock","10":"shipping-taxable","11":"product-type-simple"},"jetpack_sharing_enabled":true,"_links":{"self":[{"href":"https:\/\/rollersplastic.com.mx\/catalogoproductos\/wp-json\/wp\/v2\/product\/81","targetHints":{"allow":["GET"]}}],"collection":[{"href":"https:\/\/rollersplastic.com.mx\/catalogoproductos\/wp-json\/wp\/v2\/product"}],"about":[{"href":"https:\/\/rollersplastic.com.mx\/catalogoproductos\/wp-json\/wp\/v2\/types\/product"}],"wp:featuredmedia":[{"embeddable":true,"href":"https:\/\/rollersplastic.com.mx\/catalogoproductos\/wp-json\/wp\/v2\/media\/93"}],"wp:attachment":[{"href":"https:\/\/rollersplastic.com.mx\/catalogoproductos\/wp-json\/wp\/v2\/media?parent=81"}],"wp:term":[{"taxonomy":"product_brand","embeddable":true,"href":"https:\/\/rollersplastic.com.mx\/catalogoproductos\/wp-json\/wp\/v2\/product_brand?post=81"},{"taxonomy":"product_cat","embeddable":true,"href":"https:\/\/rollersplastic.com.mx\/catalogoproductos\/wp-json\/wp\/v2\/product_cat?post=81"},{"taxonomy":"product_tag","embeddable":true,"href":"https:\/\/rollersplastic.com.mx\/catalogoproductos\/wp-json\/wp\/v2\/product_tag?post=81"}],"curies":[{"name":"wp","href":"https:\/\/api.w.org\/{rel}","templated":true}]}}